{"id":12,"date":"2021-08-29T14:21:48","date_gmt":"2021-08-29T14:21:48","guid":{"rendered":"https:\/\/martial-and-art.be\/?page_id=12"},"modified":"2021-09-26T13:41:16","modified_gmt":"2021-09-26T13:41:16","slug":"a-propos-de","status":"publish","type":"page","link":"https:\/\/martial-and-art.be\/index.php\/a-propos-de\/","title":{"rendered":"\u00c0 propos&#8230;"},"content":{"rendered":"\n<p>Cette s\u00e9rie sur les arts martiaux, commenc\u00e9e il y a plus de dix ans, r\u00e9pond \u00e0 une recherche entre force et beaut\u00e9, du perfectionnisme de la forme vers une ma\u00eetrise artistique. Elle veut capter l\u2019instant m\u00eame si elle sait qu\u2019elle ne fera jamais que s\u2019en approcher puisqu\u2019elle fige un mouvement. La recherche de cet instant d\u00e9cisif, \u00eatre vif comme l\u2019\u00e9clair, l\u2019espace d\u2019un d\u00e9clic, ne plus exister.&nbsp;<\/p>\n\n\n\n<p><\/p>\n","protected":false},"excerpt":{"rendered":"<p>Cette s\u00e9rie sur les arts martiaux, commenc\u00e9e il y a plus de dix ans, r\u00e9pond \u00e0 une recherche entre force et beaut\u00e9, du perfectionnisme de la forme vers une ma\u00eetrise artistique. Elle veut capter l\u2019instant m\u00eame si elle sait qu\u2019elle ne fera jamais que s\u2019en approcher puisqu\u2019elle fige un mouvement. La recherche de cet instant &hellip; <\/p>\n<p class=\"link-more\"><a href=\"https:\/\/martial-and-art.be\/index.php\/a-propos-de\/\" class=\"more-link\">Continuer la lecture<span class=\"screen-reader-text\"> de &laquo;&nbsp;\u00c0 propos&#8230;&nbsp;&raquo;<\/span><\/a><\/p>\n","protected":false},"author":1,"featured_media":0,"parent":0,"menu_order":0,"comment_status":"closed","ping_status":"closed","template":"","meta":{"ngg_post_thumbnail":0,"footnotes":""},"class_list":["post-12","page","type-page","status-publish","hentry"],"_links":{"self":[{"href":"https:\/\/martial-and-art.be\/index.php\/wp-json\/wp\/v2\/pages\/12","targetHints":{"allow":["GET"]}}],"collection":[{"href":"https:\/\/martial-and-art.be\/index.php\/wp-json\/wp\/v2\/pages"}],"about":[{"href":"https:\/\/martial-and-art.be\/index.php\/wp-json\/wp\/v2\/types\/page"}],"author":[{"embeddable":true,"href":"https:\/\/martial-and-art.be\/index.php\/wp-json\/wp\/v2\/users\/1"}],"replies":[{"embeddable":true,"href":"https:\/\/martial-and-art.be\/index.php\/wp-json\/wp\/v2\/comments?post=12"}],"version-history":[{"count":6,"href":"https:\/\/martial-and-art.be\/index.php\/wp-json\/wp\/v2\/pages\/12\/revisions"}],"predecessor-version":[{"id":108,"href":"https:\/\/martial-and-art.be\/index.php\/wp-json\/wp\/v2\/pages\/12\/revisions\/108"}],"wp:attachment":[{"href":"https:\/\/martial-and-art.be\/index.php\/wp-json\/wp\/v2\/media?parent=12"}],"curies":[{"name":"wp","href":"https:\/\/api.w.org\/{rel}","templated":true}]}}